{"id":1125,"date":"2026-03-14T03:37:38","date_gmt":"2026-03-14T03:37:38","guid":{"rendered":"https:\/\/latinosentinel.com\/?page_id=1125"},"modified":"2026-03-24T04:42:39","modified_gmt":"2026-03-24T04:42:39","slug":"california","status":"publish","type":"page","link":"https:\/\/latinosentinel.com\/en\/california\/","title":{"rendered":"CALIFORNIA"},"content":{"rendered":"<figure class=\"wp-block-embed is-type-wp-embed is-provider-incrustado wp-block-embed-incrustado\"><div class=\"wp-block-embed__wrapper\">\n<blockquote class=\"wp-embedded-content\" data-secret=\"9iJFRdZMdq\"><a href=\"https:\/\/latinosentinel.com\/en\/california\/una-misteriosa-enfermedad-respiratoria-se-propaga-con-fuerza-por-ee-uu-sin-vacuna-ni-cura\/\">Una misteriosa enfermedad respiratoria se propaga con fuerza por EE. UU., sin vacuna ni cura<\/a><\/blockquote><iframe class=\"wp-embedded-content\" sandbox=\"allow-scripts\" security=\"restricted\" style=\"position: absolute; visibility: hidden;\" title=\"&#8220;Una misteriosa enfermedad respiratoria se propaga con fuerza por EE. UU., sin vacuna ni cura&#8221; &#8212; \" src=\"https:\/\/latinosentinel.com\/california\/una-misteriosa-enfermedad-respiratoria-se-propaga-con-fuerza-por-ee-uu-sin-vacuna-ni-cura\/embed\/#?secret=7PYbu0uPPT#?secret=9iJFRdZMdq\" data-secret=\"9iJFRdZMdq\" width=\"600\" height=\"338\" frameborder=\"0\" marginwidth=\"0\" marginheight=\"0\" scrolling=\"no\"><\/iframe>\n<\/div><\/figure>\n\n\n\n<figure class=\"wp-block-embed is-type-wp-embed is-provider-incrustado wp-block-embed-incrustado\"><div class=\"wp-block-embed__wrapper\">\n<blockquote class=\"wp-embedded-content\" data-secret=\"NRgBeoiNuW\"><a href=\"https:\/\/latinosentinel.com\/en\/california\/carta-abierta-dolores-huerta-la-iconica-lider-del-movimiento-campesino-denuncia-abuso-sexual-por-parte-de-cesar-chavez\/\">Carta abierta: Dolores Huerta, ic\u00f3nica l\u00edder del movimiento campesino denuncia abuso sexual por parte de C\u00e9sar Ch\u00e1vez<\/a><\/blockquote><iframe class=\"wp-embedded-content\" sandbox=\"allow-scripts\" security=\"restricted\" style=\"position: absolute; visibility: hidden;\" title=\"&#8220;Carta abierta: Dolores Huerta, ic\u00f3nica l\u00edder del movimiento campesino denuncia abuso sexual por parte de C\u00e9sar Ch\u00e1vez&#8221; &#8212; \" src=\"https:\/\/latinosentinel.com\/california\/carta-abierta-dolores-huerta-la-iconica-lider-del-movimiento-campesino-denuncia-abuso-sexual-por-parte-de-cesar-chavez\/embed\/#?secret=0IYlxJCasg#?secret=NRgBeoiNuW\" data-secret=\"NRgBeoiNuW\" width=\"600\" height=\"338\" frameborder=\"0\" marginwidth=\"0\" marginheight=\"0\" scrolling=\"no\"><\/iframe>\n<\/div><\/figure>\n\n\n\n<figure class=\"wp-block-embed is-type-wp-embed is-provider-incrustado wp-block-embed-incrustado\"><div class=\"wp-block-embed__wrapper\">\n<blockquote class=\"wp-embedded-content\" data-secret=\"coqfkrMc4P\"><a href=\"https:\/\/latinosentinel.com\/en\/california\/que-cesar-chavez-deberiamos-recordar\/\">\u00bfQu\u00e9 C\u00e9sar Ch\u00e1vez deber\u00edamos recordar?<\/a><\/blockquote><iframe class=\"wp-embedded-content\" sandbox=\"allow-scripts\" security=\"restricted\" style=\"position: absolute; visibility: hidden;\" title=\"&#8220;\u00bfQu\u00e9 C\u00e9sar Ch\u00e1vez deber\u00edamos recordar?&#8221; &#8212; \" src=\"https:\/\/latinosentinel.com\/california\/que-cesar-chavez-deberiamos-recordar\/embed\/#?secret=kZR2HwQeTB#?secret=coqfkrMc4P\" data-secret=\"coqfkrMc4P\" width=\"600\" height=\"338\" frameborder=\"0\" marginwidth=\"0\" marginheight=\"0\" scrolling=\"no\"><\/iframe>\n<\/div><\/figure>\n\n\n\n<figure class=\"wp-block-embed is-type-wp-embed is-provider-incrustado wp-block-embed-incrustado\"><div class=\"wp-block-embed__wrapper\">\n<blockquote class=\"wp-embedded-content\" data-secret=\"AvkVfgkA2G\"><a href=\"https:\/\/latinosentinel.com\/en\/california\/el-cdc-ya-no-es-una-fuente-confiable-de-informacion-sobre-vacunas-afirma-un-destacado-pediatra\/\">El CDC ya no es una fuente confiable de informaci\u00f3n sobre vacunas, afirma un destacado pediatra<\/a><\/blockquote><iframe class=\"wp-embedded-content\" sandbox=\"allow-scripts\" security=\"restricted\" style=\"position: absolute; visibility: hidden;\" title=\"&#8220;El CDC ya no es una fuente confiable de informaci\u00f3n sobre vacunas, afirma un destacado pediatra&#8221; &#8212; \" src=\"https:\/\/latinosentinel.com\/california\/el-cdc-ya-no-es-una-fuente-confiable-de-informacion-sobre-vacunas-afirma-un-destacado-pediatra\/embed\/#?secret=B2OLgvpXgU#?secret=AvkVfgkA2G\" data-secret=\"AvkVfgkA2G\" width=\"600\" height=\"338\" frameborder=\"0\" marginwidth=\"0\" marginheight=\"0\" scrolling=\"no\"><\/iframe>\n<\/div><\/figure>","protected":false},"excerpt":{"rendered":"","protected":false},"author":1,"featured_media":0,"parent":0,"menu_order":0,"comment_status":"closed","ping_status":"closed","template":"","meta":{"footnotes":""},"class_list":["post-1125","page","type-page","status-publish","hentry"],"_links":{"self":[{"href":"https:\/\/latinosentinel.com\/en\/wp-json\/wp\/v2\/pages\/1125","targetHints":{"allow":["GET"]}}],"collection":[{"href":"https:\/\/latinosentinel.com\/en\/wp-json\/wp\/v2\/pages"}],"about":[{"href":"https:\/\/latinosentinel.com\/en\/wp-json\/wp\/v2\/types\/page"}],"author":[{"embeddable":true,"href":"https:\/\/latinosentinel.com\/en\/wp-json\/wp\/v2\/users\/1"}],"replies":[{"embeddable":true,"href":"https:\/\/latinosentinel.com\/en\/wp-json\/wp\/v2\/comments?post=1125"}],"version-history":[{"count":9,"href":"https:\/\/latinosentinel.com\/en\/wp-json\/wp\/v2\/pages\/1125\/revisions"}],"predecessor-version":[{"id":1242,"href":"https:\/\/latinosentinel.com\/en\/wp-json\/wp\/v2\/pages\/1125\/revisions\/1242"}],"wp:attachment":[{"href":"https:\/\/latinosentinel.com\/en\/wp-json\/wp\/v2\/media?parent=1125"}],"curies":[{"name":"wp","href":"https:\/\/api.w.org\/{rel}","templated":true}]}}