{"id":491,"date":"2025-05-27T01:11:56","date_gmt":"2025-05-27T01:11:56","guid":{"rendered":"https:\/\/latinosentinel.com\/?page_id=491"},"modified":"2026-03-24T05:25:34","modified_gmt":"2026-03-24T05:25:34","slug":"conocenos","status":"publish","type":"page","link":"https:\/\/latinosentinel.com\/en\/conocenos\/","title":{"rendered":"ABOUT US"},"content":{"rendered":"<p>Somos un grupo de reporteros, escritores y periodistas comprometidos con la integridad y \u00e9tica period\u00edstica. Env\u00edanos tus editoriales, reportajes e historias de \u00e9xito de Latinos a <a href=\"mailto:lsnews@latinosentinel.com\">lsnews@latinosentinel.com<\/a><\/p>","protected":false},"excerpt":{"rendered":"<p>Somos un grupo de reporteros, escritores y periodistas comprometidos con la integridad y \u00e9tica period\u00edstica. Env\u00edanos tus editoriales, reportajes e historias de \u00e9xito de Latinos a lsnews@latinosentinel.com<\/p>","protected":false},"author":1,"featured_media":0,"parent":0,"menu_order":0,"comment_status":"closed","ping_status":"closed","template":"","meta":{"footnotes":""},"class_list":["post-491","page","type-page","status-publish","hentry"],"_links":{"self":[{"href":"https:\/\/latinosentinel.com\/en\/wp-json\/wp\/v2\/pages\/491","targetHints":{"allow":["GET"]}}],"collection":[{"href":"https:\/\/latinosentinel.com\/en\/wp-json\/wp\/v2\/pages"}],"about":[{"href":"https:\/\/latinosentinel.com\/en\/wp-json\/wp\/v2\/types\/page"}],"author":[{"embeddable":true,"href":"https:\/\/latinosentinel.com\/en\/wp-json\/wp\/v2\/users\/1"}],"replies":[{"embeddable":true,"href":"https:\/\/latinosentinel.com\/en\/wp-json\/wp\/v2\/comments?post=491"}],"version-history":[{"count":5,"href":"https:\/\/latinosentinel.com\/en\/wp-json\/wp\/v2\/pages\/491\/revisions"}],"predecessor-version":[{"id":1252,"href":"https:\/\/latinosentinel.com\/en\/wp-json\/wp\/v2\/pages\/491\/revisions\/1252"}],"wp:attachment":[{"href":"https:\/\/latinosentinel.com\/en\/wp-json\/wp\/v2\/media?parent=491"}],"curies":[{"name":"wp","href":"https:\/\/api.w.org\/{rel}","templated":true}]}}