{"id":518,"date":"2025-05-27T05:39:33","date_gmt":"2025-05-27T05:39:33","guid":{"rendered":"https:\/\/latinosentinel.com\/?page_id=518"},"modified":"2026-03-24T04:43:46","modified_gmt":"2026-03-24T04:43:46","slug":"estados-unidos","status":"publish","type":"page","link":"https:\/\/latinosentinel.com\/en\/estados-unidos\/","title":{"rendered":"UNITED STATES"},"content":{"rendered":"<figure class=\"wp-block-embed is-type-wp-embed is-provider-incrustado wp-block-embed-incrustado\"><div class=\"wp-block-embed__wrapper\">\n<blockquote class=\"wp-embedded-content\" data-secret=\"dTKuviIwdE\"><a href=\"https:\/\/latinosentinel.com\/en\/california\/una-misteriosa-enfermedad-respiratoria-se-propaga-con-fuerza-por-ee-uu-sin-vacuna-ni-cura\/\">Una misteriosa enfermedad respiratoria se propaga con fuerza por EE. UU., sin vacuna ni cura<\/a><\/blockquote><iframe class=\"wp-embedded-content\" sandbox=\"allow-scripts\" security=\"restricted\" style=\"position: absolute; visibility: hidden;\" title=\"&#8220;Una misteriosa enfermedad respiratoria se propaga con fuerza por EE. UU., sin vacuna ni cura&#8221; &#8212; \" src=\"https:\/\/latinosentinel.com\/california\/una-misteriosa-enfermedad-respiratoria-se-propaga-con-fuerza-por-ee-uu-sin-vacuna-ni-cura\/embed\/#?secret=yBaOUNd461#?secret=dTKuviIwdE\" data-secret=\"dTKuviIwdE\" width=\"600\" height=\"338\" frameborder=\"0\" marginwidth=\"0\" marginheight=\"0\" scrolling=\"no\"><\/iframe>\n<\/div><\/figure>\n\n\n\n<figure class=\"wp-block-embed is-type-wp-embed is-provider-incrustado wp-block-embed-incrustado\"><div class=\"wp-block-embed__wrapper\">\n<blockquote class=\"wp-embedded-content\" data-secret=\"KGeaQ5nS6u\"><a href=\"https:\/\/latinosentinel.com\/en\/california\/el-cdc-ya-no-es-una-fuente-confiable-de-informacion-sobre-vacunas-afirma-un-destacado-pediatra\/\">El CDC ya no es una fuente confiable de informaci\u00f3n sobre vacunas, afirma un destacado pediatra<\/a><\/blockquote><iframe class=\"wp-embedded-content\" sandbox=\"allow-scripts\" security=\"restricted\" style=\"position: absolute; visibility: hidden;\" title=\"&#8220;El CDC ya no es una fuente confiable de informaci\u00f3n sobre vacunas, afirma un destacado pediatra&#8221; &#8212; \" src=\"https:\/\/latinosentinel.com\/california\/el-cdc-ya-no-es-una-fuente-confiable-de-informacion-sobre-vacunas-afirma-un-destacado-pediatra\/embed\/#?secret=Y8l2gzwhgU#?secret=KGeaQ5nS6u\" data-secret=\"KGeaQ5nS6u\" width=\"600\" height=\"338\" frameborder=\"0\" marginwidth=\"0\" marginheight=\"0\" scrolling=\"no\"><\/iframe>\n<\/div><\/figure>\n\n\n\n<figure class=\"wp-block-embed is-type-wp-embed is-provider-incrustado wp-block-embed-incrustado\"><div class=\"wp-block-embed__wrapper\">\n<blockquote class=\"wp-embedded-content\" data-secret=\"uElQl55Jvc\"><a href=\"https:\/\/latinosentinel.com\/en\/mexico\/mexicano-sentenciado-a-7-anos-de-prision-federal-por-traficar-armas-de-fuego-a-su-pais\/\">Mexican sentenced to 7 years in federal prison for smuggling firearms into his country<\/a><\/blockquote><iframe class=\"wp-embedded-content\" sandbox=\"allow-scripts\" security=\"restricted\" style=\"position: absolute; visibility: hidden;\" title=\"&#8220;Mexicano sentenciado a 7 a\u00f1os de prisi\u00f3n federal por traficar armas de fuego a su pa\u00eds&#8221; &#8212; \" src=\"https:\/\/latinosentinel.com\/mexico\/mexicano-sentenciado-a-7-anos-de-prision-federal-por-traficar-armas-de-fuego-a-su-pais\/embed\/#?secret=thI4SjYPqu#?secret=uElQl55Jvc\" data-secret=\"uElQl55Jvc\" width=\"600\" height=\"338\" frameborder=\"0\" marginwidth=\"0\" marginheight=\"0\" scrolling=\"no\"><\/iframe>\n<\/div><\/figure>\n\n\n\n<figure class=\"wp-block-embed is-type-wp-embed is-provider-incrustado wp-block-embed-incrustado\"><div class=\"wp-block-embed__wrapper\">\n<blockquote class=\"wp-embedded-content\" data-secret=\"wTp3GXDwdm\"><a href=\"https:\/\/latinosentinel.com\/en\/california\/former-l-a-county-sheriffs-deputy-sentenced-to-more-than-5-years-in-federal-prison\/\">Former L.A. County Sheriff's Deputy Sentenced to More Than 5 Years in Federal Prison<\/a><\/blockquote><iframe class=\"wp-embedded-content\" sandbox=\"allow-scripts\" security=\"restricted\" style=\"position: absolute; visibility: hidden;\" title=\"&#8220;Former L.A. County Sheriff\u2019s Deputy Sentenced to More Than 5 Years in Federal Prison&#8221; &#8212; \" src=\"https:\/\/latinosentinel.com\/california\/former-l-a-county-sheriffs-deputy-sentenced-to-more-than-5-years-in-federal-prison\/embed\/#?secret=A6NVM9kjo0#?secret=wTp3GXDwdm\" data-secret=\"wTp3GXDwdm\" width=\"600\" height=\"338\" frameborder=\"0\" marginwidth=\"0\" marginheight=\"0\" scrolling=\"no\"><\/iframe>\n<\/div><\/figure>\n\n\n\n<p><a href=\"https:\/\/latinosentinel.com\/wp-admin\/post.php?post=1189&amp;action=edit\">https:\/\/latinosentinel.com\/wp-admin\/post.php?post=1189&amp;acton=edit<\/a><\/p>\n\n\n\n<figure class=\"wp-block-embed is-type-wp-embed is-provider-incrustado wp-block-embed-incrustado\"><div class=\"wp-block-embed__wrapper\">\n<blockquote class=\"wp-embedded-content\" data-secret=\"AyqMyf0utL\"><a href=\"https:\/\/latinosentinel.com\/en\/california\/carta-abierta-dolores-huerta-la-iconica-lider-del-movimiento-campesino-denuncia-abuso-sexual-por-parte-de-cesar-chavez\/\">Carta abierta: Dolores Huerta, ic\u00f3nica l\u00edder del movimiento campesino denuncia abuso sexual por parte de C\u00e9sar Ch\u00e1vez<\/a><\/blockquote><iframe class=\"wp-embedded-content\" sandbox=\"allow-scripts\" security=\"restricted\" style=\"position: absolute; visibility: hidden;\" title=\"&#8220;Carta abierta: Dolores Huerta, ic\u00f3nica l\u00edder del movimiento campesino denuncia abuso sexual por parte de C\u00e9sar Ch\u00e1vez&#8221; &#8212; \" src=\"https:\/\/latinosentinel.com\/california\/carta-abierta-dolores-huerta-la-iconica-lider-del-movimiento-campesino-denuncia-abuso-sexual-por-parte-de-cesar-chavez\/embed\/#?secret=RvYAkEPav0#?secret=AyqMyf0utL\" data-secret=\"AyqMyf0utL\" width=\"600\" height=\"338\" frameborder=\"0\" marginwidth=\"0\" marginheight=\"0\" scrolling=\"no\"><\/iframe>\n<\/div><\/figure>\n\n\n\n<p><\/p>\n\n\n\n<p><\/p>","protected":false},"excerpt":{"rendered":"<p>https:\/\/latinosentinel.com\/wp-admin\/post.php?post=1189&amp;acton=edit<\/p>","protected":false},"author":1,"featured_media":0,"parent":0,"menu_order":0,"comment_status":"closed","ping_status":"closed","template":"","meta":{"footnotes":""},"class_list":["post-518","page","type-page","status-publish","hentry"],"_links":{"self":[{"href":"https:\/\/latinosentinel.com\/en\/wp-json\/wp\/v2\/pages\/518","targetHints":{"allow":["GET"]}}],"collection":[{"href":"https:\/\/latinosentinel.com\/en\/wp-json\/wp\/v2\/pages"}],"about":[{"href":"https:\/\/latinosentinel.com\/en\/wp-json\/wp\/v2\/types\/page"}],"author":[{"embeddable":true,"href":"https:\/\/latinosentinel.com\/en\/wp-json\/wp\/v2\/users\/1"}],"replies":[{"embeddable":true,"href":"https:\/\/latinosentinel.com\/en\/wp-json\/wp\/v2\/comments?post=518"}],"version-history":[{"count":11,"href":"https:\/\/latinosentinel.com\/en\/wp-json\/wp\/v2\/pages\/518\/revisions"}],"predecessor-version":[{"id":1244,"href":"https:\/\/latinosentinel.com\/en\/wp-json\/wp\/v2\/pages\/518\/revisions\/1244"}],"wp:attachment":[{"href":"https:\/\/latinosentinel.com\/en\/wp-json\/wp\/v2\/media?parent=518"}],"curies":[{"name":"wp","href":"https:\/\/api.w.org\/{rel}","templated":true}]}}